{"id":18,"date":"2021-03-05T17:22:46","date_gmt":"2021-03-05T16:22:46","guid":{"rendered":"http:\/\/la-metairie-basse.com\/index.php\/cart\/"},"modified":"2021-03-05T17:22:46","modified_gmt":"2021-03-05T16:22:46","slug":"cart","status":"publish","type":"page","link":"https:\/\/la-metairie-basse.com\/index.php\/cart\/","title":{"rendered":"Cart"},"content":{"rendered":"\n","protected":false},"excerpt":{"rendered":"","protected":false},"author":1,"featured_media":0,"parent":0,"menu_order":0,"comment_status":"closed","ping_status":"closed","template":"","meta":{"footnotes":""},"class_list":["post-18","page","type-page","status-publish","hentry"],"jetpack-related-posts":[{"id":123,"url":"https:\/\/la-metairie-basse.com\/index.php\/cgv-conditions-generales-de-vente\/","url_meta":{"origin":18,"position":0},"title":"CGV &#8211; Conditions g\u00e9n\u00e9rales de vente","author":"Gilbert D\u00e9rus","date":"14\/03\/2021","format":false,"excerpt":"Article 1 \u2013 Int\u00e9gralit\u00e9s Les pr\u00e9sentes conditions g\u00e9n\u00e9rales expriment l\u2019int\u00e9gralit\u00e9 des obligations des parties. En ce sens, l\u2019acheteur est r\u00e9put\u00e9 les accepter sans r\u00e9serve et reconna\u00eet en avoir pris connaissance pr\u00e9alablement \u00e0 sa commande. Le vendeur et l\u2019acheteur conviennent que les pr\u00e9sentes conditions g\u00e9n\u00e9rales r\u00e9gissent exclusivement leur relation. La soci\u00e9t\u00e9\u2026","rel":"","context":"Article similaire","block_context":{"text":"Article similaire","link":""},"img":{"alt_text":"","src":"","width":0,"height":0},"classes":[]}],"jetpack_sharing_enabled":true,"_links":{"self":[{"href":"https:\/\/la-metairie-basse.com\/index.php\/wp-json\/wp\/v2\/pages\/18","targetHints":{"allow":["GET"]}}],"collection":[{"href":"https:\/\/la-metairie-basse.com\/index.php\/wp-json\/wp\/v2\/pages"}],"about":[{"href":"https:\/\/la-metairie-basse.com\/index.php\/wp-json\/wp\/v2\/types\/page"}],"author":[{"embeddable":true,"href":"https:\/\/la-metairie-basse.com\/index.php\/wp-json\/wp\/v2\/users\/1"}],"replies":[{"embeddable":true,"href":"https:\/\/la-metairie-basse.com\/index.php\/wp-json\/wp\/v2\/comments?post=18"}],"version-history":[{"count":0,"href":"https:\/\/la-metairie-basse.com\/index.php\/wp-json\/wp\/v2\/pages\/18\/revisions"}],"wp:attachment":[{"href":"https:\/\/la-metairie-basse.com\/index.php\/wp-json\/wp\/v2\/media?parent=18"}],"curies":[{"name":"wp","href":"https:\/\/api.w.org\/{rel}","templated":true}]}}